{"id":11815,"date":"2016-03-17T20:42:04","date_gmt":"2016-03-17T19:42:04","guid":{"rendered":"https:\/\/czktivat.me\/our-team\/"},"modified":"2025-12-17T11:50:56","modified_gmt":"2025-12-17T10:50:56","slug":"our-team","status":"publish","type":"page","link":"https:\/\/czktivat.me\/en\/our-team\/","title":{"rendered":"Our team"},"content":{"rendered":"<p>Managing Director &#8211; <strong>Goran Bo\u017eovi\u0107<\/strong><\/p>\n<p>Business secretary &#8211; <strong>Gordana Smodlaka<\/strong><br \/>\nAdministrative technician &#8211; <strong>An\u0111elka Kova\u010di\u0107<\/strong><\/p>\n<p>Manager for Program Policies, Planning, PR and Marketing &#8211; <strong>Marija \u0160panovi\u0107<\/strong><\/p>\n<p>Wardrobe assistant &#8211; <strong>Sla\u0111ana Ili\u0107<\/strong><\/p>\n<p>Driver &#8211; janitor &#8211; <strong>Marko Huni\u0107<\/strong><\/p>\n<p>Porter &#8211; <strong>Jadranka Rikalo<\/strong><\/p>\n<p>Hygienist &#8211; <strong>Sonja Bulaji\u0107, Ljiljana Mirkovi\u0107<\/strong><\/p>\n<p>&nbsp;<\/p>\n<p><strong>PRODUCTION SECTOR<\/strong><\/p>\n<p>Sector Manager &#8211; <strong>Vojislav Vojo Kalu\u0111erovi\u0107<\/strong><\/p>\n<p>Program organizer:<strong> Dragan Lakovi\u0107, Ilija Per\u010din<\/strong><\/p>\n<p>Assembler &#8211; technician &#8211; <strong>Luka \u0110urovi\u0107<\/strong><\/p>\n<p>Cinema Equipment Technician &#8211; <strong>Stefan Radevi\u0107<\/strong><\/p>\n<p>Stage decorator: <strong>Vladimir Usanovi\u0107<\/strong><\/p>\n<p>&nbsp;<\/p>\n","protected":false},"excerpt":{"rendered":"<p>Managing Director &#8211; Goran Bo\u017eovi\u0107 Business secretary &#8211; Gordana Smodlaka Administrative technician &#8211; An\u0111elka Kova\u010di\u0107 Manager for Program Policies, Planning, PR and Marketing &#8211; Marija \u0160panovi\u0107 Wardrobe assistant &#8211; Sla\u0111ana Ili\u0107 Driver &#8211; janitor &#8211; Marko Huni\u0107 Porter &#8211; Jadranka Rikalo Hygienist &#8211; Sonja Bulaji\u0107, Ljiljana Mirkovi\u0107 &nbsp; PRODUCTION SECTOR Sector Manager &#8211; Vojislav Vojo [&hellip;]<\/p>\n","protected":false},"author":1,"featured_media":0,"parent":0,"menu_order":0,"comment_status":"closed","ping_status":"closed","template":"","meta":{"_acf_changed":false,"footnotes":""},"class_list":["post-11815","page","type-page","status-publish","hentry"],"acf":[],"_links":{"self":[{"href":"https:\/\/czktivat.me\/en\/wp-json\/wp\/v2\/pages\/11815","targetHints":{"allow":["GET"]}}],"collection":[{"href":"https:\/\/czktivat.me\/en\/wp-json\/wp\/v2\/pages"}],"about":[{"href":"https:\/\/czktivat.me\/en\/wp-json\/wp\/v2\/types\/page"}],"author":[{"embeddable":true,"href":"https:\/\/czktivat.me\/en\/wp-json\/wp\/v2\/users\/1"}],"replies":[{"embeddable":true,"href":"https:\/\/czktivat.me\/en\/wp-json\/wp\/v2\/comments?post=11815"}],"version-history":[{"count":10,"href":"https:\/\/czktivat.me\/en\/wp-json\/wp\/v2\/pages\/11815\/revisions"}],"predecessor-version":[{"id":14734,"href":"https:\/\/czktivat.me\/en\/wp-json\/wp\/v2\/pages\/11815\/revisions\/14734"}],"wp:attachment":[{"href":"https:\/\/czktivat.me\/en\/wp-json\/wp\/v2\/media?parent=11815"}],"curies":[{"name":"wp","href":"https:\/\/api.w.org\/{rel}","templated":true}]}}